{"id":1766,"date":"2016-10-27T15:09:05","date_gmt":"2016-10-27T14:09:05","guid":{"rendered":"http:\/\/www.sunyoungmin.paris\/en\/?page_id=1766"},"modified":"2017-04-13T15:53:42","modified_gmt":"2017-04-13T14:53:42","slug":"mouvement-dete-2016","status":"publish","type":"page","link":"http:\/\/www.sunyoungmin.paris\/en\/art\/mouvement-dete-2016\/","title":{"rendered":"Mouvement d&#8217;\u00c9t\u00e9 2016"},"content":{"rendered":"<div class=\"wonderpluginslider-container\" id=\"wonderpluginslider-container-21\" style=\"max-width:920px;margin:0 auto;padding-left:0px;padding-right:0px;padding-top:0px;padding-bottom:0px;\"><div class=\"wonderpluginslider\" id=\"wonderpluginslider-21\" data-sliderid=\"21\" data-width=\"920\" data-height=\"587\" data-skin=\"classic\" data-autoplay=\"true\" data-randomplay=\"false\" data-loadimageondemand=\"false\" data-transitiononfirstslide=\"false\" data-autoplayvideo=\"true\" data-isresponsive=\"true\" data-fullwidth=\"false\" data-isfullscreen=\"false\" data-ratioresponsive=\"false\" data-showtext=\"true\" data-showtimer=\"false\" data-showbottomshadow=\"false\" data-navshowpreview=\"false\" data-textautohide=\"false\" data-lightboxresponsive=\"true\" data-lightboxshownavigation=\"false\" data-lightboxshowtitle=\"true\" data-lightboxshowdescription=\"false\" data-texteffectresponsive=\"true\" data-donotinit=\"false\" data-addinitscript=\"false\" data-titleusealt=\"false\" data-outputtext=\"false\" data-scalemode=\"fit\" data-arrowstyle=\"mouseover\" data-transition=\"fade\" data-loop=\"0\" data-border=\"0\" data-slideinterval=\"2000\" data-arrowimage=\"arrows-32-32-0.png\" data-arrowwidth=\"32\" data-arrowheight=\"32\" data-arrowtop=\"50\" data-arrowmargin=\"8\" data-navstyle=\"bullets\" data-navimage=\"bullet-24-24-0.png\" data-navwidth=\"0\" data-navheight=\"0\" data-navspacing=\"8\" data-navmarginx=\"16\" data-navmarginy=\"16\" data-navposition=\"bottom\" data-playvideoimage=\"playvideo-64-64-0.png\" data-playvideoimagewidth=\"64\" data-playvideoimageheight=\"64\" data-lightboxthumbwidth=\"90\" data-lightboxthumbheight=\"60\" data-lightboxthumbtopmargin=\"12\" data-lightboxthumbbottommargin=\"4\" data-lightboxbarheight=\"64\" data-lightboxtitlebottomcss=\"{color:#333; font-size:14px; font-family:Armata,sans-serif,Arial; overflow:hidden; text-align:left;}\" data-lightboxdescriptionbottomcss=\"{color:#333; font-size:12px; font-family:Arial,Helvetica,sans-serif; overflow:hidden; text-align:left; margin:4px 0px 0px; padding: 0px;}\" data-textformat=\"Bottom bar\" data-textpositionstatic=\"bottomoutside\" data-textpositiondynamic=\"bottomleft\" data-paddingleft=\"0\" data-paddingright=\"0\" data-paddingtop=\"0\" data-paddingbottom=\"0\" data-texteffectresponsivesize=\"640\" data-fadeduration=\"1000\" data-crossfadeduration=\"1000\" data-slideduration=\"1000\" data-elasticduration=\"1000\" data-sliceduration=\"1500\" data-blindsduration=\"1500\" data-blocksduration=\"1500\" data-shuffleduration=\"1500\" data-tilesduration=\"2000\" data-kenburnsduration=\"5000\" data-flipduration=\"1500\" data-flipwithzoomduration=\"2000\" data-threedduration=\"1500\" data-threedhorizontalduration=\"1500\" data-threedwithzoomduration=\"2500\" data-threedhorizontalwithzoomduration=\"2200\" data-threedflipduration=\"1500\" data-threedflipwithzoomduration=\"2000\" data-threedtilesduration=\"2000\" data-threedfallback=\"flip\" data-threedhorizontalfallback=\"flip\" data-threedwithzoomfallback=\"flipwithzoom\" data-threedhorizontalwithzoomfallback=\"flipwithzoom\" data-threedflipfallback=\"flip\" data-threedflipwithzoomfallback=\"flipwithzoom\" data-threedtilesfallback=\"tiles\" data-ratiomediumscreen=\"920\" data-ratiomediumheight=\"1.2\" data-ratiosmallscreen=\"614\" data-ratiosmallheight=\"1.6\" data-textcss=\"display:block; padding:5px; text-align:left;background-image:url(http:\/\/www.sunyoungmin.paris\/wp-content\/uploads\/2015\/09\/bg-slider.jpg);\" data-textbgcss=\"display:block; position:absolute; top:0px; left:0px; width:100%; height:100%;\" data-titlecss=\"display:block; position:relative; font:bold 14px &quot;Helvetica&quot;; color:#000000;\" data-descriptioncss=\"display:block; position:relative; font:9px &quot;Helvetica&quot;; color:#000000; margin-top:5px;\" data-buttoncss=\"display:block; position:relative; margin-top:8px;\" data-titlecssresponsive=\"font-size:9px;\" data-descriptioncssresponsive=\"display:block;\" data-buttoncssresponsive=\"\" data-jsfolder=\"http:\/\/www.sunyoungmin.paris\/en\/wp-content\/plugins\/wonderplugin-slider-lite\/engine\/\" style=\"display:none;\" ><ul class=\"amazingslider-slides\"  style=\"display:none;\"><li><a href=\"http:\/\/www.sunyoungmin.paris\/en\/wp-content\/uploads\/2016\/10\/bon1.jpeg\" data-description=\"Mouvement d&#39;\u00c9t\u00e9 - le Bon March\u00e9 Rive Gauche, paris - 2016 - Stabilized Plant and Acryic 14 x 3m\" class=\"html5lightbox\"><img class=\"amazingslider-img-elem amazingsliderimg\" src=\"http:\/\/www.sunyoungmin.paris\/en\/wp-content\/uploads\/2016\/10\/bon1.jpeg\" alt=\"\" title=\"\" data-description=\"Mouvement d&#39;\u00c9t\u00e9 - le Bon March\u00e9 Rive Gauche, paris - 2016 - Stabilized Plant and Acryic 14 x 3m\" \/><\/a><\/li><li><a href=\"http:\/\/www.sunyoungmin.paris\/en\/wp-content\/uploads\/2016\/10\/bon2.jpeg\" data-description=\"Mouvement d&#39;\u00c9t\u00e9 - le Bon March\u00e9 Rive Gauche, paris - 2016 - Stabilized Plant and Acryic 14 x 3m\" class=\"html5lightbox\"><img class=\"amazingslider-img-elem amazingsliderimg\" src=\"http:\/\/www.sunyoungmin.paris\/en\/wp-content\/uploads\/2016\/10\/bon2.jpeg\" alt=\"\" title=\"\" data-description=\"Mouvement d&#39;\u00c9t\u00e9 - le Bon March\u00e9 Rive Gauche, paris - 2016 - Stabilized Plant and Acryic 14 x 3m\" \/><\/a><\/li><li><a href=\"http:\/\/www.sunyoungmin.paris\/en\/wp-content\/uploads\/2016\/10\/bon5.jpeg\" data-description=\"Mouvement d&#39;\u00c9t\u00e9 - le Bon March\u00e9 Rive Gauche, paris - 2016 - Stabilized Plant and Acryic 14 x 3m\" class=\"html5lightbox\"><img class=\"amazingslider-img-elem amazingsliderimg\" src=\"http:\/\/www.sunyoungmin.paris\/en\/wp-content\/uploads\/2016\/10\/bon5.jpeg\" alt=\"\" title=\"\" data-description=\"Mouvement d&#39;\u00c9t\u00e9 - le Bon March\u00e9 Rive Gauche, paris - 2016 - Stabilized Plant and Acryic 14 x 3m\" \/><\/a><\/li><li><a href=\"http:\/\/www.sunyoungmin.paris\/en\/wp-content\/uploads\/2016\/10\/bon4.jpeg\" data-description=\"Mouvement d&#39;\u00c9t\u00e9 - le Bon March\u00e9 Rive Gauche, paris - 2016 - Stabilized Plant and Acryic 14 x 3m\" class=\"html5lightbox\"><img class=\"amazingslider-img-elem amazingsliderimg\" src=\"http:\/\/www.sunyoungmin.paris\/en\/wp-content\/uploads\/2016\/10\/bon4.jpeg\" alt=\"\" title=\"\" data-description=\"Mouvement d&#39;\u00c9t\u00e9 - le Bon March\u00e9 Rive Gauche, paris - 2016 - Stabilized Plant and Acryic 14 x 3m\" \/><\/a><\/li><li><a href=\"http:\/\/www.sunyoungmin.paris\/en\/wp-content\/uploads\/2016\/10\/bon3.jpeg\" data-description=\"Mouvement d&#39;\u00c9t\u00e9 - le Bon March\u00e9 Rive Gauche, paris - 2016 - Stabilized Plant and Acryic 14 x 3m\" class=\"html5lightbox\"><img class=\"amazingslider-img-elem amazingsliderimg\" src=\"http:\/\/www.sunyoungmin.paris\/en\/wp-content\/uploads\/2016\/10\/bon3.jpeg\" alt=\"\" title=\"\" data-description=\"Mouvement d&#39;\u00c9t\u00e9 - le Bon March\u00e9 Rive Gauche, paris - 2016 - Stabilized Plant and Acryic 14 x 3m\" \/><\/a><\/li><li><img class=\"amazingslider-img-elem amazingsliderimg\" src=\"http:\/\/www.sunyoungmin.paris\/en\/wp-content\/uploads\/2016\/10\/bon4.jpeg\" alt=\"\" title=\"\" data-description=\"Mouvement d&#39;\u00c9t\u00e9 - le Bon March\u00e9 Rive Gauche, paris - 2016 - Stabilized Plant and Acryic 14 x 3m\" \/><video preload=\"none\" data-src=\"http:\/\/www.sunyoungmin.paris\/en\/wp-content\/uploads\/2017\/04\/mov-bonmarche-480.mp4\"><\/video><\/li><\/ul><\/div><\/div><script>function wonderslider_21_appendcss(csscode) {var head=document.head || document.getElementsByTagName(\"head\")[0];var style=document.createElement(\"style\");head.appendChild(style);style.type=\"text\/css\";if (style.styleSheet){style.styleSheet.cssText=csscode;} else {style.appendChild(document.createTextNode(csscode));}};wonderslider_21_appendcss(\"#html5-lightbox-overlay {   background-color:#ffffff !important; } #wonderpluginslider-container-2 { margin:0 !important; } .amazingslider-img-14 { background-image:url(http:\/\/www.sunyoungmin.paris\/wp-content\/uploads\/2015\/09\/bg-slider.jpg); } .amazingslider-img-elem-14 { margin-left:0 !important; margin-top: 0 !important;  }\");<\/script>\n","protected":false},"excerpt":{"rendered":"","protected":false},"author":4,"featured_media":0,"parent":987,"menu_order":0,"comment_status":"closed","ping_status":"closed","template":"page-2.php","meta":[],"acf":[],"_links":{"self":[{"href":"http:\/\/www.sunyoungmin.paris\/en\/wp-json\/wp\/v2\/pages\/1766"}],"collection":[{"href":"http:\/\/www.sunyoungmin.paris\/en\/wp-json\/wp\/v2\/pages"}],"about":[{"href":"http:\/\/www.sunyoungmin.paris\/en\/wp-json\/wp\/v2\/types\/page"}],"author":[{"embeddable":true,"href":"http:\/\/www.sunyoungmin.paris\/en\/wp-json\/wp\/v2\/users\/4"}],"replies":[{"embeddable":true,"href":"http:\/\/www.sunyoungmin.paris\/en\/wp-json\/wp\/v2\/comments?post=1766"}],"version-history":[{"count":2,"href":"http:\/\/www.sunyoungmin.paris\/en\/wp-json\/wp\/v2\/pages\/1766\/revisions"}],"predecessor-version":[{"id":1799,"href":"http:\/\/www.sunyoungmin.paris\/en\/wp-json\/wp\/v2\/pages\/1766\/revisions\/1799"}],"up":[{"embeddable":true,"href":"http:\/\/www.sunyoungmin.paris\/en\/wp-json\/wp\/v2\/pages\/987"}],"wp:attachment":[{"href":"http:\/\/www.sunyoungmin.paris\/en\/wp-json\/wp\/v2\/media?parent=1766"}],"curies":[{"name":"wp","href":"https:\/\/api.w.org\/{rel}","templated":true}]}}